{"id":28,"date":"2022-10-04T20:09:23","date_gmt":"2022-10-04T17:09:23","guid":{"rendered":"https:\/\/horsepower.band\/?page_id=28"},"modified":"2022-10-20T12:30:09","modified_gmt":"2022-10-20T09:30:09","slug":"horsepower","status":"publish","type":"page","link":"https:\/\/horsepower.band\/","title":{"rendered":"Horsepower"},"content":{"rendered":"\n<div class=\"wp-block-columns is-layout-flex wp-container-core-columns-is-layout-9d6595d7 wp-block-columns-is-layout-flex\">\n<div class=\"wp-block-column is-vertically-aligned-top is-layout-flow wp-block-column-is-layout-flow\" style=\"flex-basis:50%\">\n<h2 class=\"wp-block-heading\">Horsepower from Tampere<\/h2>\n\n\n\n<p>Horsepower was formed by young aspiring musicians from Tampere, Finland in 1986. The band soaked up influences from classic hard rock band\u2019s like AC\/DC, Aerosmith and Judas Priest.<\/p>\n\n\n\n<p>The band\u2019s first line-up was finalized when trio Ari Toikka (drums), Juha Junttu (guitar and vocals) and Hessu Sillanp\u00e4\u00e4 (guitar) were joined by Mikko Leinonen (guitar) ja Lone H\u00e4nnik\u00e4inen (bass).<\/p>\n\n\n\n<p>Their first single with songs \u201cWeekend Wizard\u201d and \u201cMotor of Love\u201d was self-published in 1988 and was noticed by the record publisher Epe Helenius who signed the band to his label Poko Rekords. First single for Poko had songs \u201cBad Hearted Woman\u201d and \u201cRosalie\u201d.<\/p>\n\n\n\n<p>First LP \u201cVirginity\u201d was recorded in summer 1989 and was produced by T.T. Oksala. The sound could be described with a line \u201cHanoi Rocks goes AC\/DC\u201d.<\/p>\n\n\n\n<p>The band\u2019s energetic stage work lead to a growing fanbase. During 1989 and 1990 Horsepower played as many gigs in small bars and big festivals alike as possible and even in a music festival in Tallinn, Estonia.<\/p>\n\n\n\n<p>In summer 1990 Horsepower recorded a maxisingle with a song \u201cA New Rose Every Day\u201d. It was produced by Mikko Karmila and it gained a position on the Finnish top 10 chart.<\/p>\n\n\n\n<p>Second album \u201cSecond Albummah\u201d was released in early 1991. The album \u201cGloria\u201d peaked at number four on the single chart and gained rotation in the radio.&nbsp;<\/p>\n\n\n\n<p>Final breakthrough was imminent but heavy touring started to take toll on the young band. Friction amongst band members began to emerge. In late 1991 the single cover for AC\/DC\u2019s \u201cT.N.T\u201d was the last one with Lone H\u00e4nnik\u00e4inen on the bass.<\/p>\n\n\n\n<p>New bassist was found through family connections and soon Jyk\u00e4 Sirainen joined in. He played his first gig in January 1992 just in time for couple of club tours in Sweden.<\/p>\n\n\n\n<p>The third album was taped in April 1992 again with Mikko Karmila. \u201cTall, Terrific and Trouble\u201d was made in a relaxed atmosphere. Songs were even better and more versatile than before. Influences are heard from Thin Lizzy and Ted Nugent. A single \u201cKeep It in the Family\u201d was cut. The album was later released also in Germany.<\/p>\n\n\n\n<p>In 1994 a live album \u201cLoud And Proud\u201d was released. Recorded in late 1993 the album documents the band at the top of their game now as a four-piece as Mikko Leinonen had left the band earlier. With songs from earlier albums the live album contains covers for AC\/DC and Whitesnake.<\/p>\n\n\n\n<p>Because of other interests the band started to play less gigs and within time had almost no activity at all. Through the following years they still joined together to do few gigs now and then.<\/p>\n\n\n\n<p>In 2007 Poko Rekords released a compilation \u201cBest Offah\u201d containing remastered songs from all three albums.<\/p>\n\n\n\n<p>It took until 2018 for Horsepower to decide to make a comeback even though they never really had broken up at all. They released singles \u201cBullet Train\u201d in July and \u201cRide with the Devil\u201d in September 2018 through label called Bundesrockstar.<\/p>\n<\/div>\n\n\n\n<div class=\"wp-block-column is-vertically-aligned-top is-layout-flow wp-block-column-is-layout-flow\" style=\"flex-basis:50%\">\n<h2 class=\"wp-block-heading\">Albums<\/h2>\n\n\n\n<ul class=\"wp-block-list\"><li>Virginity (1989 Poko Rekords)<\/li><li>Second Albummah (1990 Poko Rekords)<\/li><li>Tall, Terrific and Trouble (1992 Poko Rekords)<\/li><li>Loud and Proud (live) (1993 Poko Rekords)<\/li><li>Best Offah! (compilation) (2007 Poko Rekords)<\/li><\/ul>\n\n\n\n<h2 class=\"wp-block-heading\">Singles<\/h2>\n\n\n\n<ul class=\"wp-block-list\"><li>Weekend Wizard \/ Motor of Love (1988 Blues Brothers Oy)<\/li><li>Bad Hearted Woman \/ Rosalie (1989 Poko Rekords)<\/li><li>Big Fat Mama \/ My Oh My (1989 Poko Rekords)<\/li><li>Gloria \/ Forgotten Roads (1990 Poko Rekords)<\/li><li>A New Rose Every Day \/ Crawling on the Floor (horny version) \/ Dreamflight &#8211; maxisingle (1990 Poko Rekords)<\/li><li>T.N.T &#8211; CDS (1991 Poko Rekords)<\/li><li>Keep It in the Family \/ Missing You \/ Rock Wife (fat Horsepower in Las Vegas) &#8211; CDS (1992 Poko Rekords)<\/li><li>Bullet Train (2018 Bundesrockstar)&nbsp;<a href=\"https:\/\/youtu.be\/7_kimjiwVHY\" target=\"_blank\" rel=\"noreferrer noopener\">Horsepower &#8211; Bullet Train<\/a><\/li><li>Ride with the Devil (2018 Bundesrockstar)&nbsp;<a href=\"https:\/\/youtu.be\/h7sEGEpX8dw\" target=\"_blank\" rel=\"noreferrer noopener\">Ride with the Devil &#8211; Horsepower<\/a><\/li><\/ul>\n<\/div>\n<\/div>\n","protected":false},"excerpt":{"rendered":"<p>Horsepower from Tampere!<\/p>\n","protected":false},"author":1,"featured_media":10,"parent":0,"menu_order":0,"comment_status":"closed","ping_status":"closed","template":"","meta":{"_locale":"en_US","_original_post":"https:\/\/horsepower.band\/?page_id=6","footnotes":""},"class_list":["post-28","page","type-page","status-publish","has-post-thumbnail","hentry","en-US"],"_links":{"self":[{"href":"https:\/\/horsepower.band\/wp-json\/wp\/v2\/pages\/28","targetHints":{"allow":["GET"]}}],"collection":[{"href":"https:\/\/horsepower.band\/wp-json\/wp\/v2\/pages"}],"about":[{"href":"https:\/\/horsepower.band\/wp-json\/wp\/v2\/types\/page"}],"author":[{"embeddable":true,"href":"https:\/\/horsepower.band\/wp-json\/wp\/v2\/users\/1"}],"replies":[{"embeddable":true,"href":"https:\/\/horsepower.band\/wp-json\/wp\/v2\/comments?post=28"}],"version-history":[{"count":0,"href":"https:\/\/horsepower.band\/wp-json\/wp\/v2\/pages\/28\/revisions"}],"wp:featuredmedia":[{"embeddable":true,"href":"https:\/\/horsepower.band\/wp-json\/wp\/v2\/media\/10"}],"wp:attachment":[{"href":"https:\/\/horsepower.band\/wp-json\/wp\/v2\/media?parent=28"}],"curies":[{"name":"wp","href":"https:\/\/api.w.org\/{rel}","templated":true}]}}